{"id":943,"date":"2022-05-21T10:17:41","date_gmt":"2022-05-21T13:17:41","guid":{"rendered":"https:\/\/codexpeed.com\/dustrix\/?page_id=943"},"modified":"2023-08-02T01:23:14","modified_gmt":"2023-08-02T04:23:14","slug":"capacitaciones","status":"publish","type":"page","link":"https:\/\/ge-indelnort.cl\/index.php\/capacitaciones\/","title":{"rendered":"Capacitaciones"},"content":{"rendered":"\t\t<div data-elementor-type=\"wp-page\" data-elementor-id=\"943\" class=\"elementor elementor-943\">\n\t\t\t\t\t\t<section class=\"elementor-section elementor-top-section elementor-element elementor-element-7e90fb2 elementor-section-boxed elementor-section-height-default elementor-section-height-default\" data-id=\"7e90fb2\" data-element_type=\"section\" data-settings=\"{&quot;background_background&quot;:&quot;classic&quot;}\">\n\t\t\t\t\t\t<div class=\"elementor-container elementor-column-gap-default\">\n\t\t\t\t\t<div class=\"elementor-column elementor-col-100 elementor-top-column elementor-element elementor-element-f11b6ae\" data-id=\"f11b6ae\" data-element_type=\"column\">\n\t\t\t<div class=\"elementor-widget-wrap elementor-element-populated\">\n\t\t\t\t\t\t<div class=\"elementor-element elementor-element-72d0e6c elementor-widget elementor-widget-image\" data-id=\"72d0e6c\" data-element_type=\"widget\" data-widget_type=\"image.default\">\n\t\t\t\t<div class=\"elementor-widget-container\">\n\t\t\t<style>\/*! elementor - v3.19.0 - 29-01-2024 *\/\n.elementor-widget-image{text-align:center}.elementor-widget-image a{display:inline-block}.elementor-widget-image a img[src$=\".svg\"]{width:48px}.elementor-widget-image img{vertical-align:middle;display:inline-block}<\/style>\t\t\t\t\t\t\t\t\t\t<img decoding=\"async\" width=\"300\" height=\"150\" src=\"https:\/\/ge-indelnort.cl\/wp-content\/uploads\/2023\/08\/logo-cap-indelnort-1-300x150.png\" class=\"attachment-medium size-medium wp-image-2509\" alt=\"\" srcset=\"https:\/\/ge-indelnort.cl\/wp-content\/uploads\/2023\/08\/logo-cap-indelnort-1-300x150.png 300w, https:\/\/ge-indelnort.cl\/wp-content\/uploads\/2023\/08\/logo-cap-indelnort-1-768x384.png 768w, https:\/\/ge-indelnort.cl\/wp-content\/uploads\/2023\/08\/logo-cap-indelnort-1-600x300.png 600w, https:\/\/ge-indelnort.cl\/wp-content\/uploads\/2023\/08\/logo-cap-indelnort-1.png 1000w\" sizes=\"(max-width: 300px) 100vw, 300px\" \/>\t\t\t\t\t\t\t\t\t\t\t\t\t<\/div>\n\t\t\t\t<\/div>\n\t\t\t\t<div class=\"elementor-element elementor-element-199323a elementor-widget elementor-widget-modina_section_title\" data-id=\"199323a\" data-element_type=\"widget\" data-widget_type=\"modina_section_title.default\">\n\t\t\t\t<div class=\"elementor-widget-container\">\n\t\t\t    \r\n        <div class=\"section-title-2 text-center\">\r\n        <span><\/span>\r\n        <p>Entrenamiento y Capacitaciones<\/p>\r\n        <h2>\u00c1REA DE CURSOS Y TALLERES<\/h2>\r\n    <\/div>\r\n    \r\n        \t\t<\/div>\n\t\t\t\t<\/div>\n\t\t\t\t<div class=\"elementor-element elementor-element-d9d057b elementor-widget elementor-widget-Modina_portfolios\" data-id=\"d9d057b\" data-element_type=\"widget\" data-widget_type=\"Modina_portfolios.default\">\n\t\t\t\t<div class=\"elementor-widget-container\">\n\t\t\t    \r\n    <div class=\"row mb-20\">\r\n        <div class=\"col-12 col-lg-12 text-center\">\r\n            <div class=\"portfolio-cat-filter\">\r\n                <button data-filter=\"*\" class=\"active\">Ver Todo<\/button>\r\n                                <button data-filter=\".rrhh\">Recursos Humanos<\/button>\r\n                                <button data-filter=\".seguridad\">Seguridad<\/button>\r\n                            <\/div>\r\n        <\/div>\r\n    <\/div>\r\n\r\n    <div class=\"row grid\">\r\n                <div class=\"col-xl-3 col-md-6 grid-item seguridad\">\r\n            <div class=\"single-cause-item\">\r\n                <div class=\"cause-bg bg-cover\" style=\"background-image: url('https:\/\/ge-indelnort.cl\/wp-content\/uploads\/2023\/01\/worker-wearing-mask-in-lignite-or-coal-mining-with-the-truck-transporting-coal-scaled.jpg');\">\r\n                    <a href=\"https:\/\/ge-indelnort.cl\/index.php\/portfolio\/auditoria-resso\/\" class=\"icon\"><i class=\"fal fa-long-arrow-right\"><\/i><\/a>\r\n                <\/div>\r\n                <div class=\"cause-content\">\r\n                    <div class=\"cause-meta d-flex\">\r\n                        <div class=\"author mr-15\">\r\n                            Curso                        <\/div>\r\n                        |\r\n                        <div class=\"project-amount ml-15\">\r\n                            $120.000                        <\/div>\r\n                    <\/div>\r\n                    <h4><a href=\"https:\/\/ge-indelnort.cl\/index.php\/portfolio\/auditoria-resso\/\">Auditor\u00eda RESSO<\/a><\/h4>\r\n                <\/div>\r\n            <\/div>                   \r\n        <\/div>\r\n                <div class=\"col-xl-3 col-md-6 grid-item rrhh\">\r\n            <div class=\"single-cause-item\">\r\n                <div class=\"cause-bg bg-cover\" style=\"background-image: url('https:\/\/ge-indelnort.cl\/wp-content\/uploads\/2023\/01\/three-factory-workers-in-safety-hats-discussing-manufacture-plan-scaled.jpg');\">\r\n                    <a href=\"https:\/\/ge-indelnort.cl\/index.php\/portfolio\/fiscalizacion-laboral\/\" class=\"icon\"><i class=\"fal fa-long-arrow-right\"><\/i><\/a>\r\n                <\/div>\r\n                <div class=\"cause-content\">\r\n                    <div class=\"cause-meta d-flex\">\r\n                        <div class=\"author mr-15\">\r\n                            Taller                        <\/div>\r\n                        |\r\n                        <div class=\"project-amount ml-15\">\r\n                            $120.000                        <\/div>\r\n                    <\/div>\r\n                    <h4><a href=\"https:\/\/ge-indelnort.cl\/index.php\/portfolio\/fiscalizacion-laboral\/\">Fiscalizaci\u00f3n Laboral<\/a><\/h4>\r\n                <\/div>\r\n            <\/div>                   \r\n        <\/div>\r\n                <div class=\"col-xl-3 col-md-6 grid-item seguridad\">\r\n            <div class=\"single-cause-item\">\r\n                <div class=\"cause-bg bg-cover\" style=\"background-image: url('https:\/\/ge-indelnort.cl\/wp-content\/uploads\/2023\/05\/construction-engineer-scaled.jpg');\">\r\n                    <a href=\"https:\/\/ge-indelnort.cl\/index.php\/portfolio\/carpetas-de-arranque-mineras\/\" class=\"icon\"><i class=\"fal fa-long-arrow-right\"><\/i><\/a>\r\n                <\/div>\r\n                <div class=\"cause-content\">\r\n                    <div class=\"cause-meta d-flex\">\r\n                        <div class=\"author mr-15\">\r\n                            Curso                        <\/div>\r\n                        |\r\n                        <div class=\"project-amount ml-15\">\r\n                            $100.000                        <\/div>\r\n                    <\/div>\r\n                    <h4><a href=\"https:\/\/ge-indelnort.cl\/index.php\/portfolio\/carpetas-de-arranque-mineras\/\">Carpetas de Arranque Mineras<\/a><\/h4>\r\n                <\/div>\r\n            <\/div>                   \r\n        <\/div>\r\n                <div class=\"col-xl-3 col-md-6 grid-item seguridad\">\r\n            <div class=\"single-cause-item\">\r\n                <div class=\"cause-bg bg-cover\" style=\"background-image: url('https:\/\/ge-indelnort.cl\/wp-content\/uploads\/2023\/05\/bowtie.jpg');\">\r\n                    <a href=\"https:\/\/ge-indelnort.cl\/index.php\/portfolio\/metodologia-bow-tie\/\" class=\"icon\"><i class=\"fal fa-long-arrow-right\"><\/i><\/a>\r\n                <\/div>\r\n                <div class=\"cause-content\">\r\n                    <div class=\"cause-meta d-flex\">\r\n                        <div class=\"author mr-15\">\r\n                            Taller                        <\/div>\r\n                        |\r\n                        <div class=\"project-amount ml-15\">\r\n                            $85.000                        <\/div>\r\n                    <\/div>\r\n                    <h4><a href=\"https:\/\/ge-indelnort.cl\/index.php\/portfolio\/metodologia-bow-tie\/\">Metodolog\u00eda Bow Tie<\/a><\/h4>\r\n                <\/div>\r\n            <\/div>                   \r\n        <\/div>\r\n                <div class=\"col-xl-3 col-md-6 grid-item seguridad\">\r\n            <div class=\"single-cause-item\">\r\n                <div class=\"cause-bg bg-cover\" style=\"background-image: url('https:\/\/ge-indelnort.cl\/wp-content\/uploads\/2023\/01\/asian-civil-engineer-with-yellow-excavator-working-at-sandpit-sand-industry-construction-site-1-scaled.jpg');\">\r\n                    <a href=\"https:\/\/ge-indelnort.cl\/index.php\/portfolio\/metodologias-de-investigacion-de-accidentes\/\" class=\"icon\"><i class=\"fal fa-long-arrow-right\"><\/i><\/a>\r\n                <\/div>\r\n                <div class=\"cause-content\">\r\n                    <div class=\"cause-meta d-flex\">\r\n                        <div class=\"author mr-15\">\r\n                            Curso                        <\/div>\r\n                        |\r\n                        <div class=\"project-amount ml-15\">\r\n                            $65.000                        <\/div>\r\n                    <\/div>\r\n                    <h4><a href=\"https:\/\/ge-indelnort.cl\/index.php\/portfolio\/metodologias-de-investigacion-de-accidentes\/\">Metodolog\u00edas de Investigaci\u00f3n de Accidentes<\/a><\/h4>\r\n                <\/div>\r\n            <\/div>                   \r\n        <\/div>\r\n                <div class=\"col-xl-3 col-md-6 grid-item seguridad\">\r\n            <div class=\"single-cause-item\">\r\n                <div class=\"cause-bg bg-cover\" style=\"background-image: url('https:\/\/ge-indelnort.cl\/wp-content\/uploads\/2023\/05\/people-in-safety-equipment-working-scaled.jpg');\">\r\n                    <a href=\"https:\/\/ge-indelnort.cl\/index.php\/portfolio\/seguridad-para-supervisores\/\" class=\"icon\"><i class=\"fal fa-long-arrow-right\"><\/i><\/a>\r\n                <\/div>\r\n                <div class=\"cause-content\">\r\n                    <div class=\"cause-meta d-flex\">\r\n                        <div class=\"author mr-15\">\r\n                            Curso                        <\/div>\r\n                        |\r\n                        <div class=\"project-amount ml-15\">\r\n                            $85.000                        <\/div>\r\n                    <\/div>\r\n                    <h4><a href=\"https:\/\/ge-indelnort.cl\/index.php\/portfolio\/seguridad-para-supervisores\/\">Seguridad Para Supervisores<\/a><\/h4>\r\n                <\/div>\r\n            <\/div>                   \r\n        <\/div>\r\n            <\/div>\r\n\r\n    <script>\r\n        (function ( $ ) {\r\n            \"use strict\";\r\n            $(document).ready( function() {\r\n               \r\n                $('.container').imagesLoaded(function() {\r\n                    $('.portfolio-cat-filter').on('click', 'button', function() {\r\n                        var filterValue = $(this).attr('data-filter');\r\n                        $grid.isotope({ filter: filterValue });\r\n                    });\r\n\r\n                    var $grid = $('.grid').isotope({\r\n                        itemSelector: '.grid-item',\r\n                        percentPosition: true,\r\n                    });\r\n                });\r\n\r\n                var catButton = '.portfolio-cat-filter button';\r\n\r\n                $(catButton).on('click', function(){\r\n                    $(catButton).removeClass('active');\r\n                    $(this).addClass('active');\r\n                });\r\n            });\r\n        }( jQuery ));\r\n    <\/script>\r\n    \t\t<\/div>\n\t\t\t\t<\/div>\n\t\t\t\t\t<\/div>\n\t\t<\/div>\n\t\t\t\t\t<\/div>\n\t\t<\/section>\n\t\t\t\t<\/div>\n\t\t","protected":false},"excerpt":{"rendered":"<p>Entrenamiento y Capacitaciones \u00c1REA DE CURSOS Y TALLERES View All Recursos Humanos Seguridad Curso | $120.000 Auditoria RESSO Taller | $120.000 Fiscalizaci\u00f3n Laboral Curso | $100.000 Carpetas de Arranque Mineras Taller | $85.000 Metodolog\u00eda Bow Tie Curso | $65.000 Metodolog\u00edas de Investigaci\u00f3n de Accidentes Curso | $65.000 Seguridad Para Supervisores<\/p>\n","protected":false},"author":1,"featured_media":0,"parent":0,"menu_order":0,"comment_status":"closed","ping_status":"closed","template":"elementor_header_footer","meta":{"footnotes":""},"class_list":["post-943","page","type-page","status-publish","hentry"],"acf":[],"_links":{"self":[{"href":"https:\/\/ge-indelnort.cl\/index.php\/wp-json\/wp\/v2\/pages\/943","targetHints":{"allow":["GET"]}}],"collection":[{"href":"https:\/\/ge-indelnort.cl\/index.php\/wp-json\/wp\/v2\/pages"}],"about":[{"href":"https:\/\/ge-indelnort.cl\/index.php\/wp-json\/wp\/v2\/types\/page"}],"author":[{"embeddable":true,"href":"https:\/\/ge-indelnort.cl\/index.php\/wp-json\/wp\/v2\/users\/1"}],"replies":[{"embeddable":true,"href":"https:\/\/ge-indelnort.cl\/index.php\/wp-json\/wp\/v2\/comments?post=943"}],"version-history":[{"count":23,"href":"https:\/\/ge-indelnort.cl\/index.php\/wp-json\/wp\/v2\/pages\/943\/revisions"}],"predecessor-version":[{"id":2535,"href":"https:\/\/ge-indelnort.cl\/index.php\/wp-json\/wp\/v2\/pages\/943\/revisions\/2535"}],"wp:attachment":[{"href":"https:\/\/ge-indelnort.cl\/index.php\/wp-json\/wp\/v2\/media?parent=943"}],"curies":[{"name":"wp","href":"https:\/\/api.w.org\/{rel}","templated":true}]}}